{"id":140584,"date":"2014-09-22T00:00:11","date_gmt":"2014-09-21T22:00:11","guid":{"rendered":"https:\/\/www.camperonline.it\/magazine\/?page_id=140584"},"modified":"2016-09-05T11:14:21","modified_gmt":"2016-09-05T09:14:21","slug":"camperonline-tv-fiere-e-saloni","status":"publish","type":"page","link":"https:\/\/www.camperonline.it\/magazine\/camperonline-tv-fiere-e-saloni\/","title":{"rendered":"CamperOnLine.TV &#8211; Fiere e saloni"},"content":{"rendered":"<div class=\"colmtest\"><a href=\"https:\/\/www.camperonline.it\/magazine\/coltv\/\">CamperOnLine.TV Home<\/a> | <a href=\"https:\/\/www.camperonline.it\/magazine\/camperonline-tv-i-camperontest\/\">CamperOnTest<\/a> | <a href=\"https:\/\/www.camperonline.it\/magazine\/camperonline-tv-campertutorial\/\">Camper Tutorial<\/a> | <strong>Fiere e Saloni<\/strong> |<a href=\"https:\/\/www.camperonline.it\/magazine\/camperonline-tv-anteprime-novita\/\">Anteprime e novit\u00e0<\/a> | <a href=\"https:\/\/www.camperonline.it\/magazine\/camperonline-tv-turismo\/\">Turismo e Viaggi<\/a> | <a href=\"https:\/\/www.camperonline.it\/magazine\/camperonline-tv-camperonfactory\/\">CamperOnFactory<\/a> | <a href=\"https:\/\/www.camperonline.it\/magazine\/camperonline-tv-eventi\/\">Eventi<\/a> | <a href=\"https:\/\/www.camperonline.it\/magazine\/camperonline-tv-accessori\/\">Accessori<\/a> | <a href=\"https:\/\/www.camperonline.it\/magazine\/camperonline-tv-laika-arctic-experience\/\">Laika Arctic Experience<\/a> | <a href=\"https:\/\/www.camperonline.it\/magazine\/camperonline-tv-test-drive\/\">Test Drive<\/a> | <a href=\"https:\/\/www.camperonline.it\/magazine\/camperonline-tv-interviste\/\">Interviste<\/a><\/div>\n<h1><strong>CamperOnLine.TV &#8211; Fiere e saloni<\/strong><\/h1>\n<p>Appuntamenti cardine di ogni stagione commerciale, i Saloni di Duesseldorf, Parma, Parigi e Stoccarda sono il palcoscenico perfetto per la presentazione di nuove collezioni, innovazioni e novit\u00e0. CamperOnLine.TV vi porta al cuore delle kermesse pi\u00f9 importanti d&#8217;Europa, sempre a portata di click.<\/p>\n<h2><strong>In copertina<\/strong><\/h2>\n<p><center><iframe loading=\"lazy\" src=\"https:\/\/www.youtube.com\/embed\/1noonWl0Zz4?showinfo=0\" width=\"853\" height=\"480\" frameborder=\"0\" allowfullscreen=\"allowfullscreen\"><\/iframe><\/center><\/p>\n<h2><strong>In archivio<\/strong><\/h2>\n<p>&nbsp;<\/p>\n<table class=\"style1\" style=\"width: 1280px;\" border=\"0\" cellpadding=\"4\" align=\"center\">\n<tbody>\n<tr>\n<td><strong> CMT 2016 &#8211; Tutte le novit\u00e0 da Stoccarda<\/strong><br \/>\n<iframe loading=\"lazy\" src=\"https:\/\/www.youtube.com\/embed\/ANbQ86uYpHM?rel=0&amp;showinfo=0\" width=\"400\" height=\"225\" frameborder=\"0\" allowfullscreen=\"allowfullscreen\"><\/iframe><br \/>\n<center><strong><a href=\"https:\/\/www.youtube.com\/watch?v=ANbQ86uYpHM\" target=\"_blank\">Guarda su CamperOnTube<\/a><\/strong><\/center><\/td>\n<td><strong> Salone del Camper 2015 &#8211; Tutte le novit\u00e0 da Parma<\/strong><br \/>\n<iframe loading=\"lazy\" src=\"https:\/\/www.youtube.com\/embed\/9LeG8vIcrHU?rel=0&amp;showinfo=0\" width=\"400\" height=\"225\" frameborder=\"0\" allowfullscreen=\"allowfullscreen\"><\/iframe><br \/>\n<center><strong><a href=\"https:\/\/www.youtube.com\/watch?v=9LeG8vIcrHU\" target=\"_blank\">Guarda su CamperOnTube<\/a><\/strong><\/center><\/td>\n<td><strong>\u00a0Caravan Salon 2015 &#8211; Tutte le novit\u00e0 da Duesseldorf<\/strong><br \/>\n<iframe loading=\"lazy\" src=\"https:\/\/www.youtube.com\/embed\/tRI8SFi9z08?rel=0\" width=\"400\" height=\"225\" frameborder=\"0\" allowfullscreen=\"allowfullscreen\"><\/iframe><br \/>\n<center><strong><a href=\"https:\/\/youtu.be\/tRI8SFi9z08\" target=\"_blank\">Guarda su CamperOnTube<\/a><\/strong><\/center><\/td>\n<\/tr>\n<tr>\n<td valign=\"middle\" width=\"410\"><strong><a href=\"https:\/\/www.camperonline.it\/magazine\/2015\/01\/26\/speciale-cmt-il-video\/\" target=\"_blank\">CMT 2015 &#8211; Tutte le novit\u00e0 dalla Fiera di Stoccarda<\/a><\/strong><a href=\"https:\/\/www.camperonline.it\/magazine\/2015\/01\/26\/speciale-cmt-il-video\/\" target=\"_blank\"><img loading=\"lazy\" class=\"aligncenter size-full wp-image-155042\" src=\"https:\/\/www.camperonline.it\/magazine\/wp-content\/uploads\/2014\/09\/CMT_2015_Video1.jpg\" alt=\"CMT_2015_Video\" width=\"400\" height=\"225\" srcset=\"https:\/\/www.camperonline.it\/magazine\/wp-content\/uploads\/2014\/09\/CMT_2015_Video1.jpg 400w, https:\/\/www.camperonline.it\/magazine\/wp-content\/uploads\/2014\/09\/CMT_2015_Video1-300x168.jpg 300w\" sizes=\"(max-width: 400px) 100vw, 400px\" \/><\/a><\/p>\n<p style=\"text-align: center;\"><strong><a href=\"http:\/\/youtu.be\/PYnHFif7xzo\" target=\"_blank\">Guarda su CamperOnTube<\/a><\/strong><\/p>\n<\/td>\n<td valign=\"middle\" width=\"410\"><strong><a href=\"https:\/\/www.camperonline.it\/magazine\/2014\/09\/30\/speciale-salone-del-camper-2014-il-video\/\" target=\"_blank\">Salone del Camper 2014 &#8211; Tutte le novit\u00e0 da Parma<\/a><\/strong><a href=\"https:\/\/www.camperonline.it\/magazine\/2014\/09\/30\/speciale-salone-del-camper-2014-il-video\/\" target=\"_blank\"><img loading=\"lazy\" class=\"aligncenter size-full wp-image-142768\" src=\"https:\/\/www.camperonline.it\/magazine\/wp-content\/uploads\/2014\/09\/salone2014.jpg\" alt=\"salone2014\" width=\"400\" height=\"225\" srcset=\"https:\/\/www.camperonline.it\/magazine\/wp-content\/uploads\/2014\/09\/salone2014.jpg 400w, https:\/\/www.camperonline.it\/magazine\/wp-content\/uploads\/2014\/09\/salone2014-300x168.jpg 300w\" sizes=\"(max-width: 400px) 100vw, 400px\" \/><\/a><\/p>\n<p style=\"text-align: center;\"><strong><a href=\"http:\/\/youtu.be\/DGYTFtxK8a8\" target=\"_blank\">Guarda su CamperOnTube<\/a><\/strong><\/p>\n<\/td>\n<td valign=\"middle\" width=\"410\"><a href=\"https:\/\/www.camperonline.it\/magazine\/2014\/09\/12\/video-speciale-caravan-salon-classe-premium\/\" target=\"_blank\"><strong>Caravan Salon D\u00fcsseldorf 2014 &#8211; I grandi veicoli di Classe Premium<\/strong><\/a><\/p>\n<p style=\"text-align: center;\"><a href=\"https:\/\/www.camperonline.it\/magazine\/2014\/09\/12\/video-speciale-caravan-salon-classe-premium\/\" target=\"_blank\"><img loading=\"lazy\" class=\"aligncenter size-full wp-image-140927\" src=\"https:\/\/www.camperonline.it\/magazine\/wp-content\/uploads\/2014\/09\/Duesseldorf-tedeschi_400x225.jpg\" alt=\"Duesseldorf-tedeschi_400x225\" width=\"400\" height=\"225\" srcset=\"https:\/\/www.camperonline.it\/magazine\/wp-content\/uploads\/2014\/09\/Duesseldorf-tedeschi_400x225.jpg 400w, https:\/\/www.camperonline.it\/magazine\/wp-content\/uploads\/2014\/09\/Duesseldorf-tedeschi_400x225-300x168.jpg 300w\" sizes=\"(max-width: 400px) 100vw, 400px\" \/><\/a><\/p>\n<p style=\"text-align: center;\"><strong><a href=\"http:\/\/youtu.be\/JS_KjYXqoQI\" target=\"_blank\">Guarda su CamperOnTube<\/a><\/strong><\/p>\n<\/td>\n<\/tr>\n<tr>\n<td valign=\"middle\" width=\"410\"><a href=\"https:\/\/www.camperonline.it\/magazine\/2014\/09\/12\/video-speciale-caravan-salon-le-meccaniche-di-base-e-i-van\/\" target=\"_blank\"><strong>Caravan Salon D\u00fcsseldorf 2014 &#8211; I van e le nuove meccaniche di base<\/strong><\/a><\/p>\n<p style=\"text-align: center;\"><a href=\"https:\/\/www.camperonline.it\/magazine\/2014\/09\/12\/video-speciale-caravan-salon-le-meccaniche-di-base-e-i-van\/\" target=\"_blank\"><img loading=\"lazy\" class=\"aligncenter size-full wp-image-140925\" src=\"https:\/\/www.camperonline.it\/magazine\/wp-content\/uploads\/2014\/09\/Duesseldorf-i-Van_400x225.jpg\" alt=\"Duesseldorf-i-Van_400x225\" width=\"400\" height=\"225\" srcset=\"https:\/\/www.camperonline.it\/magazine\/wp-content\/uploads\/2014\/09\/Duesseldorf-i-Van_400x225.jpg 400w, https:\/\/www.camperonline.it\/magazine\/wp-content\/uploads\/2014\/09\/Duesseldorf-i-Van_400x225-300x168.jpg 300w\" sizes=\"(max-width: 400px) 100vw, 400px\" \/><\/a><br \/>\n<strong><a href=\"http:\/\/youtu.be\/oarRNbicsh0\" target=\"_blank\">Guarda su CamperOnTube<\/a><\/strong><\/p>\n<\/td>\n<td valign=\"middle\" width=\"410\"><a href=\"https:\/\/www.camperonline.it\/magazine\/2014\/09\/11\/video-speciale-caravan-salon-i-costruttori-tedeschi\/\" target=\"_blank\"><strong>Caravan Salon D\u00fcsseldorf 2014 &#8211; le Aziende tedesche<\/strong><\/a><\/p>\n<p style=\"text-align: center;\"><a href=\"https:\/\/www.camperonline.it\/magazine\/2014\/09\/11\/video-speciale-caravan-salon-i-costruttori-tedeschi\/\" target=\"_blank\"><img loading=\"lazy\" class=\"aligncenter size-full wp-image-140928\" src=\"https:\/\/www.camperonline.it\/magazine\/wp-content\/uploads\/2014\/09\/Duesseldorf-terza-parte_400x225.jpg\" alt=\"Duesseldorf-terza-parte_400x225\" width=\"400\" height=\"225\" srcset=\"https:\/\/www.camperonline.it\/magazine\/wp-content\/uploads\/2014\/09\/Duesseldorf-terza-parte_400x225.jpg 400w, https:\/\/www.camperonline.it\/magazine\/wp-content\/uploads\/2014\/09\/Duesseldorf-terza-parte_400x225-300x168.jpg 300w\" sizes=\"(max-width: 400px) 100vw, 400px\" \/><\/a><br \/>\n<strong><a href=\"http:\/\/youtu.be\/tfbIy73dHjk\" target=\"_blank\">Guarda su CamperOnTube<\/a><\/strong><\/p>\n<\/td>\n<td valign=\"middle\" width=\"410\"><a href=\"https:\/\/www.camperonline.it\/magazine\/2014\/09\/11\/video-speciale-caravan-salon-2014-i-costruttori-francesi\/\" target=\"_blank\"><strong>Caravan Salon D\u00fcsseldorf 2014 &#8211; le novit\u00e0 dei costruttori francesi<\/strong><\/a><\/p>\n<p style=\"text-align: center;\"><a href=\"https:\/\/www.camperonline.it\/magazine\/2014\/09\/11\/video-speciale-caravan-salon-2014-i-costruttori-francesi\/\" target=\"_blank\"><img loading=\"lazy\" class=\"aligncenter size-full wp-image-140924\" src=\"https:\/\/www.camperonline.it\/magazine\/wp-content\/uploads\/2014\/09\/Duesseldorf-francesi_400x225.jpg\" alt=\"Duesseldorf-francesi_400x225\" width=\"400\" height=\"225\" srcset=\"https:\/\/www.camperonline.it\/magazine\/wp-content\/uploads\/2014\/09\/Duesseldorf-francesi_400x225.jpg 400w, https:\/\/www.camperonline.it\/magazine\/wp-content\/uploads\/2014\/09\/Duesseldorf-francesi_400x225-300x168.jpg 300w\" sizes=\"(max-width: 400px) 100vw, 400px\" \/><\/a><br \/>\n<strong><a href=\"http:\/\/youtu.be\/Z1oxHVWNCb0\" target=\"_blank\">Guarda su CamperOnTube<\/a><\/strong><\/p>\n<\/td>\n<\/tr>\n<tr>\n<td valign=\"middle\" width=\"410\"><a href=\"https:\/\/www.camperonline.it\/magazine\/2014\/09\/10\/video-speciale-caravan-salon-prima-parte-le-novita-italiane\/\" target=\"_blank\"><strong>Caravan Salon D\u00fcsseldorf 2014 &#8211; le novit\u00e0 italiane<\/strong><\/a><\/p>\n<p style=\"text-align: center;\"><a href=\"https:\/\/www.camperonline.it\/magazine\/2014\/09\/10\/video-speciale-caravan-salon-prima-parte-le-novita-italiane\/\" target=\"_blank\"><img loading=\"lazy\" class=\"aligncenter size-full wp-image-140926\" src=\"https:\/\/www.camperonline.it\/magazine\/wp-content\/uploads\/2014\/09\/Duesseldorf-Italiani_400x225.jpg\" alt=\"Duesseldorf-Italiani_400x225\" width=\"400\" height=\"225\" srcset=\"https:\/\/www.camperonline.it\/magazine\/wp-content\/uploads\/2014\/09\/Duesseldorf-Italiani_400x225.jpg 400w, https:\/\/www.camperonline.it\/magazine\/wp-content\/uploads\/2014\/09\/Duesseldorf-Italiani_400x225-300x168.jpg 300w\" sizes=\"(max-width: 400px) 100vw, 400px\" \/><\/a><br \/>\n<strong><a href=\"http:\/\/youtu.be\/W8XkELFDWRY\" target=\"_blank\">Guarda su CamperOnTube<\/a><\/strong><\/p>\n<\/td>\n<td valign=\"middle\" width=\"410\"><a href=\"https:\/\/www.camperonline.it\/magazine\/2014\/01\/30\/speciale-cmt-2014-tutte-le-novita-di-veicoli-e-accessori-dalla-piu-importante-kermesse-tedesca-dedicata-al-mondo-del-turismo\/\" target=\"_blank\"><strong>CMT Stoccarda 2014 &#8211; gli accessori e il turismo<\/strong><\/a><\/p>\n<p style=\"text-align: center;\"><a href=\"https:\/\/www.camperonline.it\/magazine\/2014\/01\/30\/speciale-cmt-2014-tutte-le-novita-di-veicoli-e-accessori-dalla-piu-importante-kermesse-tedesca-dedicata-al-mondo-del-turismo\/\" target=\"_blank\"><img loading=\"lazy\" class=\"aligncenter size-full wp-image-140922\" src=\"https:\/\/www.camperonline.it\/magazine\/wp-content\/uploads\/2014\/09\/CMT-Accessori_400x225.jpg\" alt=\"CMT-Accessori_400x225\" width=\"400\" height=\"225\" srcset=\"https:\/\/www.camperonline.it\/magazine\/wp-content\/uploads\/2014\/09\/CMT-Accessori_400x225.jpg 400w, https:\/\/www.camperonline.it\/magazine\/wp-content\/uploads\/2014\/09\/CMT-Accessori_400x225-300x168.jpg 300w\" sizes=\"(max-width: 400px) 100vw, 400px\" \/><\/a><br \/>\n<strong><a href=\"http:\/\/youtu.be\/khot5xG1bwk\" target=\"_blank\">Guarda su CamperOnTube<\/a><\/strong><\/p>\n<\/td>\n<td valign=\"middle\" width=\"410\"><a href=\"https:\/\/www.camperonline.it\/magazine\/2014\/01\/30\/speciale-cmt-2014-tutte-le-novita-di-veicoli-e-accessori-dalla-piu-importante-kermesse-tedesca-dedicata-al-mondo-del-turismo\/\" target=\"_blank\"><strong>CMT Stoccarda 2014 &#8211; i veicoli<\/strong><\/a><\/p>\n<p style=\"text-align: center;\"><a href=\"https:\/\/www.camperonline.it\/magazine\/2014\/01\/30\/speciale-cmt-2014-tutte-le-novita-di-veicoli-e-accessori-dalla-piu-importante-kermesse-tedesca-dedicata-al-mondo-del-turismo\/\" target=\"_blank\"><img loading=\"lazy\" class=\"aligncenter size-full wp-image-140923\" src=\"https:\/\/www.camperonline.it\/magazine\/wp-content\/uploads\/2014\/09\/CMT-prima-parte_400x225.jpg\" alt=\"CMT-prima-parte_400x225\" width=\"400\" height=\"225\" srcset=\"https:\/\/www.camperonline.it\/magazine\/wp-content\/uploads\/2014\/09\/CMT-prima-parte_400x225.jpg 400w, https:\/\/www.camperonline.it\/magazine\/wp-content\/uploads\/2014\/09\/CMT-prima-parte_400x225-300x168.jpg 300w\" sizes=\"(max-width: 400px) 100vw, 400px\" \/><\/a><br \/>\n<strong><a href=\"http:\/\/youtu.be\/R52Z4mnkRTg\" target=\"_blank\">Guarda su CamperOnTube<\/a><\/strong><\/p>\n<\/td>\n<\/tr>\n<tr>\n<td><\/td>\n<td><\/td>\n<td><\/td>\n<\/tr>\n<\/tbody>\n<\/table>\n","protected":false},"excerpt":{"rendered":"<p>CamperOnLine.TV Home | CamperOnTest | Camper Tutorial | Fiere e Saloni |Anteprime e novit\u00e0 | Turismo e Viaggi | CamperOnFactory | Eventi | Accessori | Laika Arctic Experience | Test Drive | Interviste CamperOnLine.TV &#8211; Fiere e saloni Appuntamenti cardine di ogni stagione commerciale, i Saloni di Duesseldorf, Parma, Parigi e Stoccarda sono il palcoscenico perfetto per la presentazione di nuove collezioni, innovazioni e novit\u00e0. CamperOnLine.TV vi porta al cuore delle kermesse pi\u00f9 importanti d&#8217;Europa, sempre a portata di click. In copertina In archivio &nbsp; CMT 2016 &#8211; Tutte le novit\u00e0 da Stoccarda Guarda su CamperOnTube Salone del Camper 2015 &#8211; Tutte le novit\u00e0 da Parma Guarda su CamperOnTube \u00a0Caravan Salon 2015 &#8211; Tutte le novit\u00e0 da Duesseldorf Guarda su CamperOnTube CMT 2015 &#8211; Tutte le novit\u00e0 dalla Fiera di Stoccarda Guarda su CamperOnTube Salone del Camper 2014 &#8211; Tutte le novit\u00e0 da Parma Guarda su CamperOnTube Caravan Salon D\u00fcsseldorf 2014 &#8211; I grandi veicoli di Classe Premium Guarda su CamperOnTube Caravan Salon D\u00fcsseldorf 2014 &#8211; I van e le&#8230;<\/p>\n","protected":false},"author":3,"featured_media":140635,"parent":0,"menu_order":0,"comment_status":"open","ping_status":"open","template":"page_full.php","meta":{"ngg_post_thumbnail":0},"yoast_head":"<!-- This site is optimized with the Yoast SEO plugin v18.6 - https:\/\/yoast.com\/wordpress\/plugins\/seo\/ -->\n<title>CamperOnLine.TV - Fiere e saloni - CamperOnLine Magazine<\/title>\n<meta name=\"description\" content=\"CamperOnLine.TV Home | CamperOnTest | Camper Tutorial | Fiere e Saloni |Anteprime e novit\u00e0 | Turismo e Viaggi | CamperOnFactory | Eventi | Accessori |\" \/>\n<meta name=\"robots\" content=\"index, follow, max-snippet:-1, max-image-preview:large, max-video-preview:-1\" \/>\n<link rel=\"canonical\" href=\"https:\/\/www.camperonline.it\/magazine\/camperonline-tv-fiere-e-saloni\/\" \/>\n<meta property=\"og:locale\" content=\"it_IT\" \/>\n<meta property=\"og:type\" content=\"article\" \/>\n<meta property=\"og:title\" content=\"CamperOnLine.TV - Fiere e saloni - CamperOnLine Magazine\" \/>\n<meta property=\"og:description\" content=\"CamperOnLine.TV Home | CamperOnTest | Camper Tutorial | Fiere e Saloni |Anteprime e novit\u00e0 | Turismo e Viaggi | CamperOnFactory | Eventi | Accessori |\" \/>\n<meta property=\"og:url\" content=\"https:\/\/www.camperonline.it\/magazine\/camperonline-tv-fiere-e-saloni\/\" \/>\n<meta property=\"og:site_name\" content=\"CamperOnLine Magazine\" \/>\n<meta property=\"article:modified_time\" content=\"2016-09-05T09:14:21+00:00\" \/>\n<meta property=\"og:image\" content=\"https:\/\/www.camperonline.it\/magazine\/wp-content\/uploads\/2014\/03\/fiere.jpg\" \/>\n\t<meta property=\"og:image:width\" content=\"250\" \/>\n\t<meta property=\"og:image:height\" content=\"158\" \/>\n\t<meta property=\"og:image:type\" content=\"image\/jpeg\" \/>\n<meta name=\"twitter:card\" content=\"summary_large_image\" \/>\n<script type=\"application\/ld+json\" class=\"yoast-schema-graph\">{\"@context\":\"https:\/\/schema.org\",\"@graph\":[{\"@type\":\"WebSite\",\"@id\":\"https:\/\/www.camperonline.it\/magazine\/#website\",\"url\":\"https:\/\/www.camperonline.it\/magazine\/\",\"name\":\"CamperOnLine Magazine\",\"description\":\"Viaggi in camper, test, video, destinazioni, vacanze\",\"potentialAction\":[{\"@type\":\"SearchAction\",\"target\":{\"@type\":\"EntryPoint\",\"urlTemplate\":\"https:\/\/www.camperonline.it\/magazine\/?s={search_term_string}\"},\"query-input\":\"required name=search_term_string\"}],\"inLanguage\":\"it-IT\"},{\"@type\":\"ImageObject\",\"@id\":\"https:\/\/www.camperonline.it\/magazine\/camperonline-tv-fiere-e-saloni\/#primaryimage\",\"inLanguage\":\"it-IT\",\"url\":\"https:\/\/www.camperonline.it\/magazine\/wp-content\/uploads\/2014\/03\/fiere.jpg\",\"contentUrl\":\"https:\/\/www.camperonline.it\/magazine\/wp-content\/uploads\/2014\/03\/fiere.jpg\",\"width\":250,\"height\":158},{\"@type\":\"WebPage\",\"@id\":\"https:\/\/www.camperonline.it\/magazine\/camperonline-tv-fiere-e-saloni\/#webpage\",\"url\":\"https:\/\/www.camperonline.it\/magazine\/camperonline-tv-fiere-e-saloni\/\",\"name\":\"CamperOnLine.TV - Fiere e saloni - CamperOnLine Magazine\",\"isPartOf\":{\"@id\":\"https:\/\/www.camperonline.it\/magazine\/#website\"},\"primaryImageOfPage\":{\"@id\":\"https:\/\/www.camperonline.it\/magazine\/camperonline-tv-fiere-e-saloni\/#primaryimage\"},\"datePublished\":\"2014-09-21T22:00:11+00:00\",\"dateModified\":\"2016-09-05T09:14:21+00:00\",\"description\":\"CamperOnLine.TV Home | CamperOnTest | Camper Tutorial | Fiere e Saloni |Anteprime e novit\u00e0 | Turismo e Viaggi | CamperOnFactory | Eventi | Accessori |\",\"breadcrumb\":{\"@id\":\"https:\/\/www.camperonline.it\/magazine\/camperonline-tv-fiere-e-saloni\/#breadcrumb\"},\"inLanguage\":\"it-IT\",\"potentialAction\":[{\"@type\":\"ReadAction\",\"target\":[\"https:\/\/www.camperonline.it\/magazine\/camperonline-tv-fiere-e-saloni\/\"]}]},{\"@type\":\"BreadcrumbList\",\"@id\":\"https:\/\/www.camperonline.it\/magazine\/camperonline-tv-fiere-e-saloni\/#breadcrumb\",\"itemListElement\":[{\"@type\":\"ListItem\",\"position\":1,\"name\":\"Home\",\"item\":\"https:\/\/www.camperonline.it\/magazine\/\"},{\"@type\":\"ListItem\",\"position\":2,\"name\":\"CamperOnLine.TV &#8211; Fiere e saloni\"}]}]}<\/script>\n<!-- \/ Yoast SEO plugin. -->","yoast_head_json":{"title":"CamperOnLine.TV - Fiere e saloni - CamperOnLine Magazine","description":"CamperOnLine.TV Home | CamperOnTest | Camper Tutorial | Fiere e Saloni |Anteprime e novit\u00e0 | Turismo e Viaggi | CamperOnFactory | Eventi | Accessori |","robots":{"index":"index","follow":"follow","max-snippet":"max-snippet:-1","max-image-preview":"max-image-preview:large","max-video-preview":"max-video-preview:-1"},"canonical":"https:\/\/www.camperonline.it\/magazine\/camperonline-tv-fiere-e-saloni\/","og_locale":"it_IT","og_type":"article","og_title":"CamperOnLine.TV - Fiere e saloni - CamperOnLine Magazine","og_description":"CamperOnLine.TV Home | CamperOnTest | Camper Tutorial | Fiere e Saloni |Anteprime e novit\u00e0 | Turismo e Viaggi | CamperOnFactory | Eventi | Accessori |","og_url":"https:\/\/www.camperonline.it\/magazine\/camperonline-tv-fiere-e-saloni\/","og_site_name":"CamperOnLine Magazine","article_modified_time":"2016-09-05T09:14:21+00:00","og_image":[{"width":250,"height":158,"url":"https:\/\/www.camperonline.it\/magazine\/wp-content\/uploads\/2014\/03\/fiere.jpg","type":"image\/jpeg"}],"twitter_card":"summary_large_image","schema":{"@context":"https:\/\/schema.org","@graph":[{"@type":"WebSite","@id":"https:\/\/www.camperonline.it\/magazine\/#website","url":"https:\/\/www.camperonline.it\/magazine\/","name":"CamperOnLine Magazine","description":"Viaggi in camper, test, video, destinazioni, vacanze","potentialAction":[{"@type":"SearchAction","target":{"@type":"EntryPoint","urlTemplate":"https:\/\/www.camperonline.it\/magazine\/?s={search_term_string}"},"query-input":"required name=search_term_string"}],"inLanguage":"it-IT"},{"@type":"ImageObject","@id":"https:\/\/www.camperonline.it\/magazine\/camperonline-tv-fiere-e-saloni\/#primaryimage","inLanguage":"it-IT","url":"https:\/\/www.camperonline.it\/magazine\/wp-content\/uploads\/2014\/03\/fiere.jpg","contentUrl":"https:\/\/www.camperonline.it\/magazine\/wp-content\/uploads\/2014\/03\/fiere.jpg","width":250,"height":158},{"@type":"WebPage","@id":"https:\/\/www.camperonline.it\/magazine\/camperonline-tv-fiere-e-saloni\/#webpage","url":"https:\/\/www.camperonline.it\/magazine\/camperonline-tv-fiere-e-saloni\/","name":"CamperOnLine.TV - Fiere e saloni - CamperOnLine Magazine","isPartOf":{"@id":"https:\/\/www.camperonline.it\/magazine\/#website"},"primaryImageOfPage":{"@id":"https:\/\/www.camperonline.it\/magazine\/camperonline-tv-fiere-e-saloni\/#primaryimage"},"datePublished":"2014-09-21T22:00:11+00:00","dateModified":"2016-09-05T09:14:21+00:00","description":"CamperOnLine.TV Home | CamperOnTest | Camper Tutorial | Fiere e Saloni |Anteprime e novit\u00e0 | Turismo e Viaggi | CamperOnFactory | Eventi | Accessori |","breadcrumb":{"@id":"https:\/\/www.camperonline.it\/magazine\/camperonline-tv-fiere-e-saloni\/#breadcrumb"},"inLanguage":"it-IT","potentialAction":[{"@type":"ReadAction","target":["https:\/\/www.camperonline.it\/magazine\/camperonline-tv-fiere-e-saloni\/"]}]},{"@type":"BreadcrumbList","@id":"https:\/\/www.camperonline.it\/magazine\/camperonline-tv-fiere-e-saloni\/#breadcrumb","itemListElement":[{"@type":"ListItem","position":1,"name":"Home","item":"https:\/\/www.camperonline.it\/magazine\/"},{"@type":"ListItem","position":2,"name":"CamperOnLine.TV &#8211; Fiere e saloni"}]}]}},"_links":{"self":[{"href":"https:\/\/www.camperonline.it\/magazine\/wp-json\/wp\/v2\/pages\/140584"}],"collection":[{"href":"https:\/\/www.camperonline.it\/magazine\/wp-json\/wp\/v2\/pages"}],"about":[{"href":"https:\/\/www.camperonline.it\/magazine\/wp-json\/wp\/v2\/types\/page"}],"author":[{"embeddable":true,"href":"https:\/\/www.camperonline.it\/magazine\/wp-json\/wp\/v2\/users\/3"}],"replies":[{"embeddable":true,"href":"https:\/\/www.camperonline.it\/magazine\/wp-json\/wp\/v2\/comments?post=140584"}],"version-history":[{"count":0,"href":"https:\/\/www.camperonline.it\/magazine\/wp-json\/wp\/v2\/pages\/140584\/revisions"}],"wp:featuredmedia":[{"embeddable":true,"href":"https:\/\/www.camperonline.it\/magazine\/wp-json\/wp\/v2\/media\/140635"}],"wp:attachment":[{"href":"https:\/\/www.camperonline.it\/magazine\/wp-json\/wp\/v2\/media?parent=140584"}],"curies":[{"name":"wp","href":"https:\/\/api.w.org\/{rel}","templated":true}]}}