{"id":81,"date":"2009-09-30T21:11:57","date_gmt":"2009-09-30T19:11:57","guid":{"rendered":"https:\/\/www.camperonline.it\/magazine\/?page_id=81"},"modified":"2023-01-17T11:09:29","modified_gmt":"2023-01-17T10:09:29","slug":"redazione","status":"publish","type":"page","link":"https:\/\/www.camperonline.it\/magazine\/redazione\/","title":{"rendered":"Chi siamo"},"content":{"rendered":"<p>COL Magazine \u00e8 uno dei servizi di <a title=\"CamperOnLine.it\" href=\"https:\/\/www.camperonline.it\" target=\"_blank\" rel=\"nofollow noopener\">www.camperonline.it<\/a>.<\/p>\n<p>Ha una funzione di completamento dei contenuti del portale, presentando una veste pi\u00f9 &#8216;da leggere&#8217; che &#8216;da consultare&#8217;, e si offre a chi desidera soffermarsi sulle tematiche di uso dei camper, con particolare attenzione ai prodotti che lo rendono realizzabile.<\/p>\n<p>Evidenze particolari sono riservate ai suggerimenti di uso del veicolo, in particolare con spunti per viaggi pleinair, immagini e diari di bordo.<\/p>\n<p>Un approccio diverso, insieme a contenuti inediti, ne fanno un complemento che arricchisce e rende ancor pi\u00f9 unico l&#8217;<a href=\"https:\/\/www.camperonline.it\" rel=\"nofollow\">ambiente web di riferimento per i camperisti<\/a>, dove passione e tecnologia hanno trovato il canale ideale per la condivisione e lo sviluppo.<\/p>\n<div style=\"display: table;\"><span style=\"text-decoration: underline;\">Direttore Responsabile<\/span><\/div>\n<p><img loading=\"lazy\" class=\"alignleft size-full wp-image-194\" style=\"margin: 4px 6px;\" title=\"Paolo-Bertino\" src=\"https:\/\/www.camperonline.it\/magazine\/wp-content\/uploads\/2009\/09\/paolo-piccolosb.jpg\" alt=\"Paolo-Bertino\" width=\"100\" height=\"100\"><strong>Paolo Bertino<\/strong>, giornalista, camperista dal 1987.<br \/>\nHa firmato centinaia di articoli e contributi pubblicati su importanti testate (quali il mensile Caravan e Camper di MCM Editori e le guide per il settore camper edite da Mondadori e Touring Club Italiano), ha scattato decine di migliaia di fotografie, ma soprattutto ha maturato una trentennale esperienza al volante di autocaravan e motorhome attraverso 26 Paesi (per ora&#8230;).<br \/>\nSempre con la famiglia, spesso con amici, alla ricerca di nuovi scorci, di nuove esperienze, seguendo l&#8217;evolvere della domanda e dell&#8217;offerta di prodotti e di servizi per chi viaggia in camper. &#8220;Osservatore&#8221; del fenomeno camperismo, divulgatore, interlocutore di tutti gli attori che operano sul palcoscenico pleinair. Animatore di progetti e di persone, \u00e8 alla costante ricerca di nuove frontiere della comunicazione online.<br \/>\nAma la fotografia, la buona cucina, le serate in compagnia di amici a commentare i viaggi effettuati e a pianificare quelli futuri. Dopo vari mansardati, da alcuni anni viaggia in motorhome.<\/p>\n<div style=\"display: table;\"><span style=\"text-decoration: underline;\">Collaboratori<\/span><\/div>\n<p>Una famiglia in crescita, costituita da diversi attenti ed entusiasti contributors, accomunati dalla passione per le vacanze all&#8217;aria aperta, quali:<\/p>\n<p><!-- \n\n\n\n\n\n\n\n\n\n<div style=\"display: table;\"><strong><img loading=\"lazy\" class=\"alignleft size-full wp-image-190\" style=\"margin: 4px 6px;\" title=\"Michel-Vuillermoz\" src=\"https:\/\/www.camperonline.it\/magazine\/wp-content\/uploads\/2009\/09\/michel-v.jpg\" alt=\"Michel-Vuillermoz\" width=\"100\" height=\"100\" \/>Michel Vuilllermoz<\/strong>, autentico \"guru\" del settore, disponibile, competente e documentato. Il segreto della sua indiscussa preparazione sta nell'autentica passione per i camper che lo anima, supportata da una memoria visiva straordinaria. Specializzato nell'area tecnica, fotografo, ha gi\u00e0 anche al suo attivo viaggi \"da sogno\", come quello in <a rel=\"nofollow noopener\" href=\"http:\/\/www.winterxperience.com\/\" target=\"_blank\">Lapponia a Capodanno 2009<\/a> con il suo mega-mansardato e la <a href=\"https:\/\/www.camperonline.it\/magazine\/category\/laika-arctic-experience\/\">lunga esperienza artica del 2012<\/a>. Far\u00e0 molta strada...\u00a0<\/div>\n\n\n<span data-mce-type=\"bookmark\" style=\"display: inline-block; width: 0px; overflow: hidden; line-height: 0;\" class=\"mce_SELRES_start\"><\/span>\n--><\/p>\n<div style=\"display: table;\">\n<p><img loading=\"lazy\" class=\"alignleft size-full wp-image-196\" style=\"margin: 4px 6px;\" title=\"Beppe-Finello\" src=\"https:\/\/www.camperonline.it\/magazine\/wp-content\/uploads\/2009\/09\/beppe100x100.jpg\" alt=\"Beppe-Finello\" width=\"100\" height=\"100\"><strong>Beppe Finello<\/strong>, apprezzato giornalista di grandissima esperienza e competenza, vanta una lunga carriera nel campo dell&#8217;informazione di settore in Italia. Attento analizzatore di prodotti e appassionato di tecnica, \u00e8 anche motivato a innovare e proporre nuove soluzioni di comunicazione.<br \/>\nViaggia molto con il suo semintegrale anche per diletto, con la famiglia e l&#8217;inseparabile amica a 4 zampe.<\/p>\n<\/div>\n<div style=\"display: table;\">\n<p><img loading=\"lazy\" class=\"alignleft wp-image-231796 size-full\" style=\"margin: 4px 6px;\" title=\"Davide-Bon\" src=\"https:\/\/www.camperonline.it\/magazine\/wp-content\/uploads\/2009\/09\/DavideBon.jpg\" width=\"100\" height=\"100\"><strong>Davide Bon<\/strong>, giovane ma gi\u00e0 con una lunga carriera alle spalle, ha alimentato il suo grande interesse per il mondo del camper in oltre dodici anni di esperienza nel settore commerciale, durante i quali ha maturato doti relazionali, capacit\u00e0 di confronto e di analisi critica.<br \/>\nOra le sue riconosciute qualit\u00e0 gli permettono di divulgare conoscenza e proseguire nel suo percorso di scoperta e approfondimento, esteso anche al di l\u00e0 degli aspetti tecnici di prodotto. Viaggia sul semintegrale di famiglia, anche per turismo.<\/p>\n<\/div>\n<div style=\"display: table;\">\n<p><img loading=\"lazy\" class=\"size-full wp-image-318520 alignleft\" style=\"margin: 4px 6px;\" src=\"https:\/\/www.camperonline.it\/magazine\/wp-content\/uploads\/2021\/03\/Renato_100x100.jpg\" alt=\"Renato Antonini\" width=\"100\" height=\"100\" srcset=\"https:\/\/www.camperonline.it\/magazine\/wp-content\/uploads\/2021\/03\/Renato_100x100.jpg 100w, https:\/\/www.camperonline.it\/magazine\/wp-content\/uploads\/2021\/03\/Renato_100x100-80x80.jpg 80w\" sizes=\"(max-width: 100px) 100vw, 100px\" \/><strong>Renato Antonini<\/strong>, esperto giornalista dalla lunga esperienza nel settore, segue gli sviluppi di prodotto con spiccato&nbsp; interesse e attenzione. Apprezzato per le sue competenze tecniche, ha finalmente trovato la sua collocazione nella nostra dimensione web. <br \/>\nOttimo fotografo, professionale nelle sue analisi, contribuisce a dare valore alla nostra squadra.<br \/>\nLa sua passione si spiega anche con fatto di essere da sempre, con la famiglia, campeggiatore e caravanista.&nbsp;<\/p>\n<\/div>\n<div style=\"display: table;\">\n<p><strong><img loading=\"lazy\" class=\"alignleft size-full wp-image-6362\" style=\"margin-left: 6px; margin-right: 6px;\" title=\"andrea100x100e\" src=\"https:\/\/www.camperonline.it\/magazine\/wp-content\/uploads\/2009\/09\/andrea100x100.jpg\" alt=\"\" width=\"100\" height=\"100\">Andrea Bertino<\/strong>, nato e cresciuto in camper, ne apprezza le possibilit\u00e0 di svago e d&#8217;indipendenza. Ha al suo attivo pi\u00f9 Paesi visitati che anni di et\u00e0.<br \/>\nAttratto da scenari e paesaggi sempre diversi, che ama scoprire ed immortalare con l&#8217;inseparabile macchina fotografica e gli strumenti da ripresa, \u00e8 attento alle novit\u00e0 e alle innovazioni tecnologiche. Stimolato dai moderni canali di condivisione, come i social media, esplora strumenti e potenzialit\u00e0 per la comunicazione del futuro, con particolare focus sulle tematiche visual.<\/p>\n<\/div>\n<div style=\"display: table;\">\n<p><strong><img loading=\"lazy\" class=\"alignleft size-full wp-image-6362\" style=\"margin-left: 6px; margin-right: 6px;\" title=\"danilo100x100e\" src=\"https:\/\/www.camperonline.it\/magazine\/wp-content\/uploads\/2019\/07\/danilo.jpg\" alt=\"\" width=\"100\" height=\"100\">Danilo Colombo<\/strong>, appassionato del settore e con un lungo curriculum di viaggi in camper, ha maturato una buona esperienza in termini di reportage fotografici. <br \/>\nE proprio le passioni per la fotografia e i veicoli ricreazionali l&#8217;hanno fatto approdare qui, dove pu\u00f2 portarle avanti con impegno e motivazione. <br \/>\nViaggia con la famiglia su un mansardato.<\/p>\n<p><img loading=\"lazy\" class=\"alignleft size-full wp-image-196\" style=\"margin: 4px 6px;\" title=\"cinzia\" src=\"https:\/\/www.camperonline.it\/magazine\/wp-content\/uploads\/2009\/09\/cinzia.jpg\" alt=\"Cinzia\" width=\"100\" height=\"100\"><strong>Cinzia Nesi<\/strong>, campeggiatrice dal 1979, prima in tenda a poi in caravan, e camperista (con la famiglia) da oltre trentanni, specializzata in reportage di viaggi in camper, esperta di cucina, ama gli eventi culinari, le esplorazioni turistiche e lo shopping tipico, con particolare riferimento a quello gastronomico.<br \/>\nViaggia in motorhome.<\/p>\n<\/div>\n<div style=\"display: table;\">\n<p><img loading=\"lazy\" class=\"alignleft size-full wp-image-188\" style=\"margin: 4px 6px;\" title=\"vale100x100\" src=\"https:\/\/www.camperonline.it\/magazine\/wp-content\/uploads\/2009\/09\/vale100x1001.jpg\" alt=\"vale100x100\" width=\"100\" height=\"100\"><strong>Valerio Dagna<\/strong>, camperista dal&#8217;et\u00e0 di quindici anni, ha trasmesso alla famiglia, di recente cresciuta con l&#8217;arrivo del piccolo Filippo e della sorellina Camilla, la passione per i viaggi in camper.<br \/>\nMolto sportivo, oltre che per le vacanze usa il suo autocaravan mansardato regolarmente per praticare gli sport che predilige, come lo sci, il nuoto, il windsurf, la bicicletta e la mountain bike. Dopo una parentesi in motorhome, \u00e8 tornato a viaggiare su un mansardato.<\/p>\n<\/div>\n<div style=\"display: table;\">\n<p><img loading=\"lazy\" class=\"alignleft size-full wp-image-200\" style=\"margin: 4px 6px;\" title=\"luisa-lisbona\" src=\"https:\/\/www.camperonline.it\/magazine\/wp-content\/uploads\/2009\/09\/luisa-lisbona.jpg\" alt=\"luisa-lisbona\" width=\"100\" height=\"100\"><strong>Luisa Spairani<\/strong>, amante delle vacanze pleinair praticate &#8220;da sempre&#8221;, non disdegna &#8211; con la famiglia &#8211; di lanciarsi anche in lunghi ed esotici viaggi intercontinentali, sempre alla ricerca di qualcosa di nuovo.<br \/>\nPratica pallavolo e orienteering.<br \/>\nDei viaggi, ama la fotografia ed i reportage.<\/p>\n<\/div>\n<div style=\"display: table;\">\n<p><strong><img loading=\"lazy\" class=\"alignleft size-full wp-image-114788\" style=\"margin: 4px 6px;\" title=\"serena\" src=\"https:\/\/www.camperonline.it\/magazine\/wp-content\/uploads\/2009\/09\/serena.jpg\" alt=\"serena\" width=\"100\" height=\"100\">Serena Balsamo<\/strong>, uno degli acquisti pi\u00f9 recenti del nostro team, pratica varie attivit\u00e0 all&#8217;aria aperta, ama viaggiare e soprattutto i bambini, che sa intrattenere con giochi semplici ma istruttivi e divertenti.&nbsp;Sempre alla ricerca di nuove idee e opportunit\u00e0 di svago, viaggia &#8216;a noleggio&#8217; ogni volta che pu\u00f2.<br \/>\nPratica jogging ma apprezza anche la buona cucina&#8230;<\/p>\n<\/div>\n<div style=\"display: table;\">\n<p>Inoltre, riteniamo meritino una citazione particolare come facenti parte della &#8220;redazione virtuale&#8221; di CamperOnLine.it Magazine le <strong>centinaia di entusiasti camperisti<\/strong> che hanno inviato i loro contributi, specialmente i <a href=\"https:\/\/www.camperonline.it?PageTo=diari\" rel=\"nofollow\">diari di bordo<\/a> di viaggi effettuati in camper e le <a href=\"https:\/\/www.camperonline.it?PageTo=photo_gallery\" rel=\"nofollow\">fotografie di viaggio<\/a>. Le loro testimonianze hanno reso un apprezzato contributo alla pi\u00f9 attiva community del settore, permettendo a tutti noi di usare in modo pi\u00f9 preparato, consapevole e quindi sereno il proprio veicolo per le vacanze.<\/p>\n<\/div>\n<div style=\"display: table;\">\n<p><span style=\"text-decoration: underline;\">Grafica, sviluppi, gestione sistemi<\/span><\/p>\n<p><img loading=\"lazy\" class=\"alignleft size-full wp-image-205\" style=\"margin: 4px 6px;\" title=\"stefano\" src=\"https:\/\/www.camperonline.it\/magazine\/wp-content\/uploads\/2009\/09\/stefano.jpg\" alt=\"stefano\" width=\"100\" height=\"100\">Stefano Garofalo, il creativo ed efficiente specialista che ha il difficile compito di trovare l&#8217;equilibrio tra le incalzanti richieste della redazione, le crescenti attese dei visitatori ed i servizi resi disponibili del sistema.<br \/>\nViaggia in camper a noleggio, per ora&#8230;<\/div>\n<div>\n<p><strong><img loading=\"lazy\" class=\"alignleft size-full wp-image-114785\" style=\"margin: 4px 6px;\" title=\"fabiana\" src=\"https:\/\/www.camperonline.it\/magazine\/wp-content\/uploads\/2009\/09\/fabiana.jpg\" alt=\"fabiana\" width=\"100\" height=\"100\">Fabiana Vineis<\/strong>, abile negli sviluppi software richiesti da piattaforme complesse come quelle che sostengono il network di CamperOnLine, \u00e8 il riferimento per gli aspetti sistemistici, l&#8217;introduzione di nuovi servizi, l&#8217;integrazione delle funzionalit\u00e0 e l&#8217;aggiornamento software dei sistemi, delle interfacce utente, delle applicazioni.&nbsp;Le resta poco tempo per divertirsi e viaggiare, quindi, ma cerca con costanza di sfruttarlo al meglio&#8230;<\/p>\n<\/div>\n<div style=\"display: table;\"><span style=\"text-decoration: underline;\">Note sui contenuti di COL Magazine e sui Copyright<\/span><\/div>\n<p>Il materiale contenuto in COL Magazine \u00e8 protetto dalle leggi italiane e internazionali sul diritto d&#8217;autore, e <strong>non<\/strong> pu\u00f2 essere copiato, riprodotto, pubblicato, scaricato, comunicato al pubblico, diffuso e\/o distribuito al pubblico, ad eccezione dei casi in cui ci\u00f2 sia consentito dalla legge ovvero nel caso in cui sia stata ottenuta una preventiva autorizzazione da parte di COL Magazine o da parte del titolare dei relativi diritti.<\/p>\n<p>Qualsiasi utilizzo non autorizzato dei contenuti di COL Magazine costituisce violazione dei diritti d&#8217;autore, salvo pi\u00f9 grave illecito, ed espone il responsabile alle relative conseguenze civili e penali.<\/p>\n<p>Gli articoli pubblicati e firmati sono la libera espressione dei rispettivi autori e non necessariamente rispecchiano la linea editoriale di COL Magazine.<\/p>\n<p>Loghi, prodotti, servizi o nomi di societ\u00e0 eventualmente presenti su COL Magazine sono da ritenersi marchi registrati dei rispettivi proprietari, e vengono qui citati esclusivamente a scopo informativo e\/o commerciale.<\/p>\n<p>COL Magazine si riserva il diritto di modificare senza preavviso i contenuti del sito, incluso il diritto di sospendere temporaneamente o definitamente i servizi presenti, e non \u00e8 in alcun modo responsabile dei contenuti e dei servizi su altri siti internet ai quali l&#8217;utente dovesse accedere da queste pagine.<br \/>\nL&#8217;esistenza di un link (collegamento ipertestuale) verso un altro sito non comporta l&#8217;approvazione n\u00e8 l&#8217;accettazione da parte di COL Magazine dei contenuti o dell&#8217;utilizzazione di tale sito.<\/p>\n<p>N\u00e8 COL Magazine, n\u00e8 i suoi collaboratori potranno in nessun caso essere ritenuti responsabili per qualsiasi danno parziale o totale, diretto o indiretto legato all&#8217;uso del presente sito o di altri siti allo stesso collegati da un link, ivi compresi, senza alcuna limitazione, eventuali danni quali la perdita di profitti, l&#8217;interruzione di attivit\u00e0 aziendale o professionale, la perdita di programmi o altro tipo di dati, neanche qualora COL Magazine fosse stato messo espressamente al corrente della possibilit\u00e0 del verificarsi di tali danni.<\/p>\n","protected":false},"excerpt":{"rendered":"<p>COL Magazine \u00e8 uno dei servizi di www.camperonline.it. Ha una funzione di completamento dei contenuti del portale, presentando una veste pi\u00f9 &#8216;da leggere&#8217; che &#8216;da consultare&#8217;, e si offre a chi desidera soffermarsi sulle tematiche di uso dei camper, con particolare attenzione ai prodotti che lo rendono realizzabile. Evidenze particolari sono riservate ai suggerimenti di uso del veicolo, in particolare con spunti per viaggi pleinair, immagini e diari di bordo. Un approccio diverso, insieme a contenuti inediti, ne fanno un complemento che arricchisce e rende ancor pi\u00f9 unico l&#8217;ambiente web di riferimento per i camperisti, dove passione e tecnologia hanno trovato il canale ideale per la condivisione e lo sviluppo. Direttore Responsabile Paolo Bertino, giornalista, camperista dal 1987. Ha firmato centinaia di articoli e contributi pubblicati su importanti testate (quali il mensile Caravan e Camper di MCM Editori e le guide per il settore camper edite da Mondadori e Touring Club Italiano), ha scattato decine di migliaia di fotografie, ma soprattutto ha maturato una trentennale esperienza al volante di autocaravan&#8230;<\/p>\n","protected":false},"author":5,"featured_media":0,"parent":0,"menu_order":0,"comment_status":"closed","ping_status":"open","template":"","meta":{"ngg_post_thumbnail":0},"yoast_head":"<!-- This site is optimized with the Yoast SEO plugin v18.6 - https:\/\/yoast.com\/wordpress\/plugins\/seo\/ -->\n<title>Chi siamo - CamperOnLine Magazine<\/title>\n<meta name=\"description\" content=\"COL Magazine \u00e8 uno dei servizi di www.camperonline.it. Ha una funzione di completamento dei contenuti del portale, presentando una veste pi\u00f9 &#039;da leggere&#039;\" \/>\n<meta name=\"robots\" content=\"index, follow, max-snippet:-1, max-image-preview:large, max-video-preview:-1\" \/>\n<link rel=\"canonical\" href=\"https:\/\/www.camperonline.it\/magazine\/redazione\/\" \/>\n<meta property=\"og:locale\" content=\"it_IT\" \/>\n<meta property=\"og:type\" content=\"article\" \/>\n<meta property=\"og:title\" content=\"Chi siamo - CamperOnLine Magazine\" \/>\n<meta property=\"og:description\" content=\"COL Magazine \u00e8 uno dei servizi di www.camperonline.it. Ha una funzione di completamento dei contenuti del portale, presentando una veste pi\u00f9 &#039;da leggere&#039;\" \/>\n<meta property=\"og:url\" content=\"https:\/\/www.camperonline.it\/magazine\/redazione\/\" \/>\n<meta property=\"og:site_name\" content=\"CamperOnLine Magazine\" \/>\n<meta property=\"article:modified_time\" content=\"2023-01-17T10:09:29+00:00\" \/>\n<meta property=\"og:image\" content=\"https:\/\/www.camperonline.it\/magazine\/wp-content\/uploads\/2009\/09\/paolo-piccolosb.jpg\" \/>\n<meta name=\"twitter:card\" content=\"summary_large_image\" \/>\n<script type=\"application\/ld+json\" class=\"yoast-schema-graph\">{\"@context\":\"https:\/\/schema.org\",\"@graph\":[{\"@type\":\"WebSite\",\"@id\":\"https:\/\/www.camperonline.it\/magazine\/#website\",\"url\":\"https:\/\/www.camperonline.it\/magazine\/\",\"name\":\"CamperOnLine Magazine\",\"description\":\"Viaggi in camper, test, video, destinazioni, vacanze\",\"potentialAction\":[{\"@type\":\"SearchAction\",\"target\":{\"@type\":\"EntryPoint\",\"urlTemplate\":\"https:\/\/www.camperonline.it\/magazine\/?s={search_term_string}\"},\"query-input\":\"required name=search_term_string\"}],\"inLanguage\":\"it-IT\"},{\"@type\":\"ImageObject\",\"@id\":\"https:\/\/www.camperonline.it\/magazine\/redazione\/#primaryimage\",\"inLanguage\":\"it-IT\",\"url\":\"https:\/\/www.camperonline.it\/magazine\/wp-content\/uploads\/2009\/09\/paolo-piccolosb.jpg\",\"contentUrl\":\"https:\/\/www.camperonline.it\/magazine\/wp-content\/uploads\/2009\/09\/paolo-piccolosb.jpg\"},{\"@type\":\"WebPage\",\"@id\":\"https:\/\/www.camperonline.it\/magazine\/redazione\/#webpage\",\"url\":\"https:\/\/www.camperonline.it\/magazine\/redazione\/\",\"name\":\"Chi siamo - CamperOnLine Magazine\",\"isPartOf\":{\"@id\":\"https:\/\/www.camperonline.it\/magazine\/#website\"},\"primaryImageOfPage\":{\"@id\":\"https:\/\/www.camperonline.it\/magazine\/redazione\/#primaryimage\"},\"datePublished\":\"2009-09-30T19:11:57+00:00\",\"dateModified\":\"2023-01-17T10:09:29+00:00\",\"description\":\"COL Magazine \u00e8 uno dei servizi di www.camperonline.it. Ha una funzione di completamento dei contenuti del portale, presentando una veste pi\u00f9 'da leggere'\",\"breadcrumb\":{\"@id\":\"https:\/\/www.camperonline.it\/magazine\/redazione\/#breadcrumb\"},\"inLanguage\":\"it-IT\",\"potentialAction\":[{\"@type\":\"ReadAction\",\"target\":[\"https:\/\/www.camperonline.it\/magazine\/redazione\/\"]}]},{\"@type\":\"BreadcrumbList\",\"@id\":\"https:\/\/www.camperonline.it\/magazine\/redazione\/#breadcrumb\",\"itemListElement\":[{\"@type\":\"ListItem\",\"position\":1,\"name\":\"Home\",\"item\":\"https:\/\/www.camperonline.it\/magazine\/\"},{\"@type\":\"ListItem\",\"position\":2,\"name\":\"Chi siamo\"}]}]}<\/script>\n<!-- \/ Yoast SEO plugin. -->","yoast_head_json":{"title":"Chi siamo - CamperOnLine Magazine","description":"COL Magazine \u00e8 uno dei servizi di www.camperonline.it. Ha una funzione di completamento dei contenuti del portale, presentando una veste pi\u00f9 'da leggere'","robots":{"index":"index","follow":"follow","max-snippet":"max-snippet:-1","max-image-preview":"max-image-preview:large","max-video-preview":"max-video-preview:-1"},"canonical":"https:\/\/www.camperonline.it\/magazine\/redazione\/","og_locale":"it_IT","og_type":"article","og_title":"Chi siamo - CamperOnLine Magazine","og_description":"COL Magazine \u00e8 uno dei servizi di www.camperonline.it. Ha una funzione di completamento dei contenuti del portale, presentando una veste pi\u00f9 'da leggere'","og_url":"https:\/\/www.camperonline.it\/magazine\/redazione\/","og_site_name":"CamperOnLine Magazine","article_modified_time":"2023-01-17T10:09:29+00:00","og_image":[{"url":"https:\/\/www.camperonline.it\/magazine\/wp-content\/uploads\/2009\/09\/paolo-piccolosb.jpg"}],"twitter_card":"summary_large_image","schema":{"@context":"https:\/\/schema.org","@graph":[{"@type":"WebSite","@id":"https:\/\/www.camperonline.it\/magazine\/#website","url":"https:\/\/www.camperonline.it\/magazine\/","name":"CamperOnLine Magazine","description":"Viaggi in camper, test, video, destinazioni, vacanze","potentialAction":[{"@type":"SearchAction","target":{"@type":"EntryPoint","urlTemplate":"https:\/\/www.camperonline.it\/magazine\/?s={search_term_string}"},"query-input":"required name=search_term_string"}],"inLanguage":"it-IT"},{"@type":"ImageObject","@id":"https:\/\/www.camperonline.it\/magazine\/redazione\/#primaryimage","inLanguage":"it-IT","url":"https:\/\/www.camperonline.it\/magazine\/wp-content\/uploads\/2009\/09\/paolo-piccolosb.jpg","contentUrl":"https:\/\/www.camperonline.it\/magazine\/wp-content\/uploads\/2009\/09\/paolo-piccolosb.jpg"},{"@type":"WebPage","@id":"https:\/\/www.camperonline.it\/magazine\/redazione\/#webpage","url":"https:\/\/www.camperonline.it\/magazine\/redazione\/","name":"Chi siamo - CamperOnLine Magazine","isPartOf":{"@id":"https:\/\/www.camperonline.it\/magazine\/#website"},"primaryImageOfPage":{"@id":"https:\/\/www.camperonline.it\/magazine\/redazione\/#primaryimage"},"datePublished":"2009-09-30T19:11:57+00:00","dateModified":"2023-01-17T10:09:29+00:00","description":"COL Magazine \u00e8 uno dei servizi di www.camperonline.it. Ha una funzione di completamento dei contenuti del portale, presentando una veste pi\u00f9 'da leggere'","breadcrumb":{"@id":"https:\/\/www.camperonline.it\/magazine\/redazione\/#breadcrumb"},"inLanguage":"it-IT","potentialAction":[{"@type":"ReadAction","target":["https:\/\/www.camperonline.it\/magazine\/redazione\/"]}]},{"@type":"BreadcrumbList","@id":"https:\/\/www.camperonline.it\/magazine\/redazione\/#breadcrumb","itemListElement":[{"@type":"ListItem","position":1,"name":"Home","item":"https:\/\/www.camperonline.it\/magazine\/"},{"@type":"ListItem","position":2,"name":"Chi siamo"}]}]}},"_links":{"self":[{"href":"https:\/\/www.camperonline.it\/magazine\/wp-json\/wp\/v2\/pages\/81"}],"collection":[{"href":"https:\/\/www.camperonline.it\/magazine\/wp-json\/wp\/v2\/pages"}],"about":[{"href":"https:\/\/www.camperonline.it\/magazine\/wp-json\/wp\/v2\/types\/page"}],"author":[{"embeddable":true,"href":"https:\/\/www.camperonline.it\/magazine\/wp-json\/wp\/v2\/users\/5"}],"replies":[{"embeddable":true,"href":"https:\/\/www.camperonline.it\/magazine\/wp-json\/wp\/v2\/comments?post=81"}],"version-history":[{"count":2,"href":"https:\/\/www.camperonline.it\/magazine\/wp-json\/wp\/v2\/pages\/81\/revisions"}],"predecessor-version":[{"id":332372,"href":"https:\/\/www.camperonline.it\/magazine\/wp-json\/wp\/v2\/pages\/81\/revisions\/332372"}],"wp:attachment":[{"href":"https:\/\/www.camperonline.it\/magazine\/wp-json\/wp\/v2\/media?parent=81"}],"curies":[{"name":"wp","href":"https:\/\/api.w.org\/{rel}","templated":true}]}}